{"id":40,"date":"2025-02-26T12:22:55","date_gmt":"2025-02-26T12:22:55","guid":{"rendered":"https:\/\/conciergerieviseu.com\/services\/"},"modified":"2025-12-26T21:50:33","modified_gmt":"2025-12-26T21:50:33","slug":"services","status":"publish","type":"page","link":"https:\/\/conciergerieviseu.com\/pt\/services\/","title":{"rendered":"servi\u00e7os"},"content":{"rendered":"<div class=\"wp-block-uagb-container uagb-block-ec6fda5a alignfull uagb-is-root-container\"><div class=\"uagb-container-inner-blocks-wrap\">\n<div class=\"wp-block-uagb-container uagb-layout-flex uagb-block-d33271b6\">\n<div class=\"wp-block-uagb-advanced-heading uagb-block-c0e8abc7\"><p class=\"uagb-desc-text\">Os nossos servi\u00e7os<\/p><h1 class=\"uagb-heading-text\">Servi\u00e7os personalizados para si<\/h1><\/div>\n<\/div>\n<\/div><\/div>\n\n\n\n<div class=\"wp-block-uagb-container uagb-block-f7a2df67 alignfull uagb-is-root-container\"><div class=\"uagb-container-inner-blocks-wrap\">\n<div class=\"wp-block-uagb-container uagb-layout-grid uagb-block-56258c7a\">\n<div class=\"wp-block-uagb-image alignleft uagb-block-4fe1a4d5 wp-block-uagb-image--layout-default wp-block-uagb-image--effect-static wp-block-uagb-image--align-left\"><figure class=\"wp-block-uagb-image__figure\"><img decoding=\"async\" srcset=\"https:\/\/conciergerieviseu.com\/wp-content\/uploads\/2025\/02\/maison-1024x682.jpg ,https:\/\/conciergerieviseu.com\/wp-content\/uploads\/2025\/02\/maison-scaled.jpg 780w, https:\/\/conciergerieviseu.com\/wp-content\/uploads\/2025\/02\/maison-scaled.jpg 360w\" sizes=\"auto, (max-width: 480px) 150px\" src=\"https:\/\/conciergerieviseu.com\/wp-content\/uploads\/2025\/02\/maison-1024x682.jpg\" alt=\"service de gestion de maison secondaire\" class=\"uag-image-834\" width=\"700\" height=\"400\" title=\"maison\" loading=\"lazy\" role=\"img\"\/><\/figure><\/div>\n\n\n\n<div class=\"wp-block-uagb-info-box uagb-block-dd1ec34c uagb-infobox__content-wrap  uagb-infobox-icon-above-title uagb-infobox-image-valign-top\"><div class=\"uagb-ifb-content\"><div class=\"uagb-ifb-title-wrap\"><h2 class=\"uagb-ifb-title-prefix\">01.<\/h2><h3 class=\"uagb-ifb-title\">Gest\u00e3o de Casas<\/h3><\/div><p class=\"uagb-ifb-desc translation-block\">Possui uma resid\u00eancia secund\u00e1ria e quer que se mantenha impec\u00e1vel, mesmo na sua aus\u00eancia? Cuidamos da sua casa como se fosse nossa.<br><br>\u2714 <strong>Arejamento &amp; limpeza<\/strong>: uma casa sempre fresca e impec\u00e1vel.<br>\u2714 <strong>Prepara\u00e7\u00e3o antes da sua chegada<\/strong>: camas feitas, compras feitas, tudo pronto para o receber.<br>\u2714 <strong>Manuten\u00e7\u00e3o exterior<\/strong>: jardim, piscina, pequenos reparos \u2013 cuidamos de cada detalhe.<br><br><strong>Tarifa: sob or\u00e7amento, a partir de 20\u20ac\/m\u00eas.<\/strong><br><br>Viaje tranquilo, n\u00f3s tratamos de tudo!<\/p><\/div><\/div>\n<\/div>\n\n\n\n<div class=\"wp-block-uagb-container uagb-layout-grid uagb-block-fb8e2fe2\">\n<div class=\"wp-block-uagb-info-box uagb-block-9f4e6f7d uagb-infobox__content-wrap  uagb-infobox-icon-above-title uagb-infobox-image-valign-top\"><div class=\"uagb-ifb-content\"><div class=\"uagb-ifb-title-wrap\"><h2 class=\"uagb-ifb-title-prefix\">02.<\/h2><h3 class=\"uagb-ifb-title\">Gest\u00e3o de Alojamentos<\/h3><\/div><p class=\"uagb-ifb-desc\">Arrende o seu im\u00f3vel com total tranquilidade, n\u00f3s tratamos de tudo!<br><br>\u2714 <strong>Check-in &amp; check-out<\/strong> : Rece\u00e7\u00e3o dos h\u00f3spedes, entrega das chaves, verifica\u00e7\u00e3o do estado do im\u00f3vel.<br>\u2714 <strong>Limpeza &amp; manuten\u00e7\u00e3o<\/strong> : um im\u00f3vel sempre impec\u00e1vel entre cada reserva.<br>\u2714 <strong>Gest\u00e3o de imprevistos<\/strong> avarias, urg\u00eancias, pedidos espec\u00edficos, n\u00f3s assumimos a responsabilidade.<br>\u2714 <strong>Acompanhamento das reservas<\/strong> possibilidade de cuidar da promo\u00e7\u00e3o e da comunica\u00e7\u00e3o com os h\u00f3spedes.<br><br><strong>Tarifa comunicada ap\u00f3s avalia\u00e7\u00e3o do seu projeto<\/strong><br><br>Desfrute dos rendimentos do seu im\u00f3vel, n\u00f3s tratamos de tudo o resto!<\/p><\/div><\/div>\n\n\n\n<div class=\"wp-block-uagb-image alignleft uagb-block-2bdaa3d7 wp-block-uagb-image--layout-default wp-block-uagb-image--effect-static wp-block-uagb-image--align-left\"><figure class=\"wp-block-uagb-image__figure\"><img decoding=\"async\" srcset=\"https:\/\/conciergerieviseu.com\/wp-content\/uploads\/2025\/02\/location3-1024x683.jpg ,https:\/\/conciergerieviseu.com\/wp-content\/uploads\/2025\/02\/location3-scaled.jpg 780w, https:\/\/conciergerieviseu.com\/wp-content\/uploads\/2025\/02\/location3-scaled.jpg 360w\" sizes=\"auto, (max-width: 480px) 150px\" src=\"https:\/\/conciergerieviseu.com\/wp-content\/uploads\/2025\/02\/location3-1024x683.jpg\" alt=\"service de gestion locative\" class=\"uag-image-822\" width=\"700\" height=\"400\" title=\"location3\" loading=\"lazy\" role=\"img\"\/><\/figure><\/div>\n<\/div>\n\n\n\n<div class=\"wp-block-uagb-container uagb-layout-grid uagb-block-5717ffcf\">\n<div class=\"wp-block-uagb-image alignleft uagb-block-0af6d9bf wp-block-uagb-image--layout-default wp-block-uagb-image--effect-static wp-block-uagb-image--align-left\"><figure class=\"wp-block-uagb-image__figure\"><img decoding=\"async\" srcset=\"https:\/\/conciergerieviseu.com\/wp-content\/uploads\/2025\/02\/jardin-1024x682.png ,https:\/\/conciergerieviseu.com\/wp-content\/uploads\/2025\/02\/jardin.png 780w, https:\/\/conciergerieviseu.com\/wp-content\/uploads\/2025\/02\/jardin.png 360w\" sizes=\"auto, (max-width: 480px) 150px\" src=\"https:\/\/conciergerieviseu.com\/wp-content\/uploads\/2025\/02\/jardin-1024x682.png\" alt=\"entretien jardin, terrasse, piscine\" class=\"uag-image-897\" width=\"700\" height=\"400\" title=\"jardin\" loading=\"lazy\" role=\"img\"\/><\/figure><\/div>\n\n\n\n<div class=\"wp-block-uagb-info-box uagb-block-e085cfca uagb-infobox__content-wrap  uagb-infobox-icon-above-title uagb-infobox-image-valign-top\"><div class=\"uagb-ifb-content\"><div class=\"uagb-ifb-title-wrap\"><h2 class=\"uagb-ifb-title-prefix\">03.<\/h2><h3 class=\"uagb-ifb-title\">Manuten\u00e7\u00e3o de Exteriores<\/h3><\/div><p class=\"uagb-ifb-desc translation-block\">Um exterior sempre impec\u00e1vel, sem que precise de mexer um dedo!\n\nCuidamos da manuten\u00e7\u00e3o regular do seu jardim, piscina e arredores da sua propriedade para que esteja sempre perfeita, durante todo o ano.\n\n<br><br>\u2714 <strong>Jardinagem<\/strong>: corte da relva, poda, rega e manuten\u00e7\u00e3o das plantas.\n<br>\u2714 <strong>Piscina<\/strong>: limpeza, tratamento da \u00e1gua e verifica\u00e7\u00e3o do sistema de filtra\u00e7\u00e3o.\n<br>\u2714 <strong>Manuten\u00e7\u00e3o geral<\/strong>: limpeza de terra\u00e7os, fachadas, caminhos...\n\n<br><br><strong>Tarifa: sob or\u00e7amento, a partir de 30\u20ac\/m\u00eas.<\/strong>\n\n<br><br>Desfrute do seu espa\u00e7o \u2013 n\u00f3s tratamos do resto!<\/p><\/div><\/div>\n<\/div>\n<\/div><\/div>\n\n\n\n<div class=\"wp-block-uagb-container uagb-block-1ed922f5 alignfull uagb-is-root-container\"><div class=\"uagb-container-inner-blocks-wrap\">\n<div class=\"wp-block-uagb-advanced-heading uagb-block-258ef318\"><h2 class=\"uagb-heading-text\">Os nossos servi\u00e7os de conciergerie para uma gest\u00e3o sem stress<\/h2><\/div>\n\n\n\n<p><\/p>\n\n\n\n<p class=\"translation-block\">Na <strong>Conciergerie Viseu<\/strong>, oferecemos-lhe um servi\u00e7o completo para a gest\u00e3o da sua resid\u00eancia secund\u00e1ria ou alojamento local. Desde a manuten\u00e7\u00e3o at\u00e9 \u00e0 rece\u00e7\u00e3o dos h\u00f3spedes, cuidamos de cada detalhe para garantir a sua tranquilidade. Os nossos servi\u00e7os adaptam-se \u00e0s suas necessidades, com uma abordagem personalizada e um acompanhamento rigoroso.<\/p>\n\n\n\n<p class=\"translation-block\">Recorrer aos nossos <strong>servi\u00e7os<\/strong> \u00e9 beneficiar de:<\/p>\n\n\n\n<ul class=\"wp-block-list\">\n<li class=\"translation-block\"><strong>Um ganho de tempo precioso<\/strong> : Gerimos o seu im\u00f3vel enquanto desfruta da sua liberdade.<\/li>\n\n\n\n<li class=\"translation-block\"><strong>Uma rece\u00e7\u00e3o profissional<\/strong> : Os seus h\u00f3spedes s\u00e3o recebidos com todo o cuidado para uma experi\u00eancia de qualidade.<\/li>\n\n\n\n<li class=\"translation-block\"><strong>Uma manuten\u00e7\u00e3o impec\u00e1vel<\/strong> : Limpeza, manuten\u00e7\u00e3o e verifica\u00e7\u00f5es regulares garantem um im\u00f3vel sempre pronto a receber.<\/li>\n\n\n\n<li class=\"translation-block\"><strong>Uma seguran\u00e7a refor\u00e7ada<\/strong> : A sua propriedade \u00e9 vigiada e cuidada mesmo na sua aus\u00eancia.<\/li>\n\n\n\n<li class=\"translation-block\"><strong>Uma gest\u00e3o simplificada<\/strong> : Sem stress \u2013 tratamos de tudo conforme as suas expectativas.<\/li>\n<\/ul>\n\n\n\n<p class=\"translation-block\">Com a Conciergerie Viseu, o seu im\u00f3vel est\u00e1 em boas m\u00e3os. Beneficie de um servi\u00e7o de conciergerie fi\u00e1vel, reativo e personalizado para uma gest\u00e3o sem preocupa\u00e7\u00f5es!<\/p>\n\n\n\n<div style=\"height:50px\" aria-hidden=\"true\" class=\"wp-block-spacer\"><\/div>\n\n\n\n<div class=\"wp-block-uagb-container uagb-block-6ce39113\">\n<div class=\"wp-block-uagb-image aligncenter uagb-block-c85ce74f wp-block-uagb-image--layout-default wp-block-uagb-image--effect-static wp-block-uagb-image--align-center\"><figure class=\"wp-block-uagb-image__figure\"><img decoding=\"async\" srcset=\"https:\/\/conciergerieviseu.com\/wp-content\/uploads\/2025\/02\/4-300x111.jpg ,http:\/\/conciergerieviseu.com\/wp-content\/uploads\/2025\/02\/4.jpg 780w, http:\/\/conciergerieviseu.com\/wp-content\/uploads\/2025\/02\/4.jpg 360w\" sizes=\"auto, (max-width: 480px) 150px\" src=\"https:\/\/conciergerieviseu.com\/wp-content\/uploads\/2025\/02\/4-300x111.jpg\" alt=\"nos services pour vous faciliter la vie\" class=\"uag-image-843\" width=\"300\" height=\"111\" title=\"service de conciergerie\" loading=\"lazy\" role=\"img\"\/><\/figure><\/div>\n<\/div>\n<\/div><\/div>\n\n\n\n<div class=\"wp-block-uagb-container uagb-block-3e75098c alignfull uagb-is-root-container\"><div class=\"uagb-container-inner-blocks-wrap\">\n<div style=\"height:100px\" aria-hidden=\"true\" class=\"wp-block-spacer\"><\/div>\n<\/div><\/div>\n\n\n\n<div class=\"wp-block-uagb-container uagb-block-5ef069bb alignfull uagb-is-root-container\"><div class=\"uagb-container-inner-blocks-wrap\">\n<div class=\"wp-block-uagb-inline-notice uagb-inline_notice__align-left uagb-block-017e8c5f\"><button class=\"uagb-notice-close-button\" type=\"button\" aria-label=\"Close\"><\/button><h4 class=\"uagb-notice-title\"><strong>FAQ<\/strong><\/h4><div class=\"uagb-notice-text\">\n<p class=\"has-medium-font-size\"><strong>Pode contratar apenas a manuten\u00e7\u00e3o exterior sem a gest\u00e3o completa?<\/strong><\/p>\n\n\n\n<p>                Sim, oferecemos um servi\u00e7o espec\u00edfico para a manuten\u00e7\u00e3o exterior: jardinagem, piscina, limpeza dos arredores, entre outros.<\/p>\n\n\n\n<p class=\"has-text-align-center\"><a href=\"https:\/\/conciergerieviseu.com\/pt\/faq\/\" data-type=\"page\" data-id=\"862\">Ver todas as nossas respostas<\/a><\/p>\n<\/div><\/div>\n<\/div><\/div>\n\n\n\n<div class=\"wp-block-uagb-container uagb-block-1d0c06f4 alignfull uagb-is-root-container\"><div class=\"uagb-container-inner-blocks-wrap\">\n<div style=\"height:50px\" aria-hidden=\"true\" class=\"wp-block-spacer\"><\/div>\n<\/div><\/div>\n\n\n\n<div class=\"wp-block-uagb-container uagb-block-8b6dd1ba alignfull uagb-is-root-container\"><div class=\"uagb-container-inner-blocks-wrap\">\n<p class=\"has-text-align-center\">Encontre-nos no <a href=\"https:\/\/www.facebook.com\/profile.php?id=61573691787530&amp;locale=fr_FR\" data-type=\"link\" data-id=\"https:\/\/www.facebook.com\/profile.php?id=61573691787530&amp;locale=fr_FR\" target=\"_blank\" rel=\"noopener\">facebook<\/a> <\/p>\n\n\n\n<div class=\"wp-block-uagb-container uagb-block-6ef1424d\">\n<div style=\"height:50px\" aria-hidden=\"true\" class=\"wp-block-spacer\"><\/div>\n<\/div>\n<\/div><\/div>\n\n\n\n<div class=\"wp-block-uagb-container uagb-block-c6a1a9c5 alignfull uagb-is-root-container\"><div class=\"uagb-container-inner-blocks-wrap\">\n<div class=\"wp-block-columns is-layout-flex wp-container-core-columns-is-layout-28f84493 wp-block-columns-is-layout-flex\">\n<div class=\"wp-block-column is-layout-flow wp-block-column-is-layout-flow\" style=\"flex-basis:100%\">\n<div class=\"wp-block-columns is-layout-flex wp-container-core-columns-is-layout-28f84493 wp-block-columns-is-layout-flex\">\n<div class=\"wp-block-column is-vertically-aligned-center has-small-font-size is-layout-flow wp-container-core-column-is-layout-b2a27621 wp-block-column-is-layout-flow\" style=\"padding-top:0;padding-right:0;padding-bottom:0;padding-left:0;flex-basis:100%\">\n<div class=\"wp-block-uagb-container uagb-block-24e0449e\">\n<p class=\"has-text-align-center has-medium-font-size\">AJA AGORA<\/p>\n\n\n\n<div class=\"wp-block-uagb-info-box uagb-block-9d52065c uagb-infobox__content-wrap  uagb-infobox-icon-above-title uagb-infobox-image-valign-top wp-block-uagb-info-box--has-margin\"><div class=\"uagb-infobox-margin-wrapper\"><div class=\"uagb-ifb-content\"><div class=\"uagb-ifb-icon-wrap\"><svg xmlns=\"https:\/\/www.w3.org\/2000\/svg\" viewbox=\"0 0 512 512\"><path d=\"M0 256C0 114.6 114.6 0 256 0C397.4 0 512 114.6 512 256C512 397.4 397.4 512 256 512C114.6 512 0 397.4 0 256zM371.8 211.8C382.7 200.9 382.7 183.1 371.8 172.2C360.9 161.3 343.1 161.3 332.2 172.2L224 280.4L179.8 236.2C168.9 225.3 151.1 225.3 140.2 236.2C129.3 247.1 129.3 264.9 140.2 275.8L204.2 339.8C215.1 350.7 232.9 350.7 243.8 339.8L371.8 211.8z\"><\/path><\/svg><\/div><div class=\"uagb-ifb-title-wrap\"><h2 class=\"uagb-ifb-title\">Confie-nos a gest\u00e3o dos seus im\u00f3veis<\/h2><\/div><p class=\"uagb-ifb-desc\">Contacte-nos hoje mesmo para descobrir como podemos ajud\u00e1-lo a maximizar o seu investimento imobili\u00e1rio.<br><\/p><\/div><\/div><\/div>\n\n\n\n<div class=\"wp-block-uagb-buttons uagb-buttons__outer-wrap uagb-btn__default-btn uagb-btn-tablet__default-btn uagb-btn-mobile__default-btn uagb-block-5636f303\"><div class=\"uagb-buttons__wrap uagb-buttons-layout-wrap\">\n<div class=\"wp-block-uagb-buttons-child uagb-buttons__outer-wrap uagb-block-ed9d9a9a wp-block-button\"><div class=\"uagb-button__wrapper\"><a class=\"uagb-buttons-repeater wp-block-button__link\" aria-label=\"\" href=\"https:\/\/conciergerieviseu.com\/pt\/contact\/\" rel=\"follow noopener\" target=\"_self\" role=\"button\"><div class=\"uagb-button__link\">Contacte-nos<\/div><\/a><\/div><\/div>\n<\/div><\/div>\n<\/div>\n<\/div>\n<\/div>\n<\/div>\n<\/div>\n<\/div><\/div>","protected":false},"excerpt":{"rendered":"<p>Nos Services Des services sur mesure pour vous Nos services de conciergerie pour une gestion sans stress Chez Conciergerie Viseu, [&hellip;]<\/p>\n","protected":false},"author":1,"featured_media":0,"parent":0,"menu_order":0,"comment_status":"closed","ping_status":"closed","template":"","meta":{"_uag_custom_page_level_css":"","site-sidebar-layout":"default","site-content-layout":"","ast-site-content-layout":"default","site-content-style":"default","site-sidebar-style":"default","ast-global-header-display":"","ast-banner-title-visibility":"","ast-main-header-display":"","ast-hfb-above-header-display":"","ast-hfb-below-header-display":"","ast-hfb-mobile-header-display":"","site-post-title":"disabled","ast-breadcrumbs-content":"","ast-featured-img":"","footer-sml-layout":"","ast-disable-related-posts":"","theme-transparent-header-meta":"","adv-header-id-meta":"","stick-header-meta":"","header-above-stick-meta":"","header-main-stick-meta":"","header-below-stick-meta":"","astra-migrate-meta-layouts":"default","ast-page-background-enabled":"default","ast-page-background-meta":{"desktop":{"background-color":"var(--ast-global-color-4)","background-image":"","background-repeat":"repeat","background-position":"center center","background-size":"auto","background-attachment":"scroll","background-type":"","background-media":"","overlay-type":"","overlay-color":"","overlay-opacity":"","overlay-gradient":""},"tablet":{"background-color":"","background-image":"","background-repeat":"repeat","background-position":"center center","background-size":"auto","background-attachment":"scroll","background-type":"","background-media":"","overlay-type":"","overlay-color":"","overlay-opacity":"","overlay-gradient":""},"mobile":{"background-color":"","background-image":"","background-repeat":"repeat","background-position":"center center","background-size":"auto","background-attachment":"scroll","background-type":"","background-media":"","overlay-type":"","overlay-color":"","overlay-opacity":"","overlay-gradient":""}},"ast-content-background-meta":{"desktop":{"background-color":"var(--ast-global-color-5)","background-image":"","background-repeat":"repeat","background-position":"center center","background-size":"auto","background-attachment":"scroll","background-type":"","background-media":"","overlay-type":"","overlay-color":"","overlay-opacity":"","overlay-gradient":""},"tablet":{"background-color":"var(--ast-global-color-5)","background-image":"","background-repeat":"repeat","background-position":"center center","background-size":"auto","background-attachment":"scroll","background-type":"","background-media":"","overlay-type":"","overlay-color":"","overlay-opacity":"","overlay-gradient":""},"mobile":{"background-color":"var(--ast-global-color-5)","background-image":"","background-repeat":"repeat","background-position":"center center","background-size":"auto","background-attachment":"scroll","background-type":"","background-media":"","overlay-type":"","overlay-color":"","overlay-opacity":"","overlay-gradient":""}},"footnotes":""},"class_list":["post-40","page","type-page","status-publish","hentry"],"uagb_featured_image_src":{"full":false,"thumbnail":false,"medium":false,"medium_large":false,"large":false,"1536x1536":false,"2048x2048":false,"trp-custom-language-flag":false},"uagb_author_info":{"display_name":"conciergerieviseu@gmail.com","author_link":"https:\/\/conciergerieviseu.com\/pt\/author\/conciergerieviseugmail-com\/"},"uagb_comment_info":0,"uagb_excerpt":"Nos Services Des services sur mesure pour vous Nos services de conciergerie pour une gestion sans stress Chez Conciergerie Viseu, [&hellip;]","_links":{"self":[{"href":"https:\/\/conciergerieviseu.com\/pt\/wp-json\/wp\/v2\/pages\/40","targetHints":{"allow":["GET"]}}],"collection":[{"href":"https:\/\/conciergerieviseu.com\/pt\/wp-json\/wp\/v2\/pages"}],"about":[{"href":"https:\/\/conciergerieviseu.com\/pt\/wp-json\/wp\/v2\/types\/page"}],"author":[{"embeddable":true,"href":"https:\/\/conciergerieviseu.com\/pt\/wp-json\/wp\/v2\/users\/1"}],"replies":[{"embeddable":true,"href":"https:\/\/conciergerieviseu.com\/pt\/wp-json\/wp\/v2\/comments?post=40"}],"version-history":[{"count":23,"href":"https:\/\/conciergerieviseu.com\/pt\/wp-json\/wp\/v2\/pages\/40\/revisions"}],"predecessor-version":[{"id":1051,"href":"https:\/\/conciergerieviseu.com\/pt\/wp-json\/wp\/v2\/pages\/40\/revisions\/1051"}],"wp:attachment":[{"href":"https:\/\/conciergerieviseu.com\/pt\/wp-json\/wp\/v2\/media?parent=40"}],"curies":[{"name":"wp","href":"https:\/\/api.w.org\/{rel}","templated":true}]}}