{"id":39,"date":"2025-02-26T12:22:55","date_gmt":"2025-02-26T12:22:55","guid":{"rendered":"https:\/\/conciergerieviseu.com\/about\/"},"modified":"2025-03-05T15:23:57","modified_gmt":"2025-03-05T15:23:57","slug":"about","status":"publish","type":"page","link":"https:\/\/conciergerieviseu.com\/pt\/about\/","title":{"rendered":"Conciergerie"},"content":{"rendered":"<div class=\"wp-block-uagb-container uagb-block-ec6fda5a alignfull uagb-is-root-container\"><div class=\"uagb-container-inner-blocks-wrap\">\n<div class=\"wp-block-uagb-container uagb-layout-flex uagb-block-d33271b6\">\n<div class=\"wp-block-uagb-advanced-heading uagb-block-c0e8abc7\"><p class=\"uagb-desc-text\">Sobre n\u00f3s<\/p><h1 class=\"uagb-heading-text\">Descubra a Conciergerie Viseu em detalhe<\/h1><\/div>\n<\/div>\n<\/div><\/div>\n\n\n\n<div class=\"wp-block-uagb-container uagb-layout-flex uagb-block-4d6f7bc6 alignfull uagb-is-root-container\"><div class=\"uagb-container-inner-blocks-wrap\">\n<div class=\"wp-block-uagb-container uagb-layout-grid uagb-block-cd15dd85\">\n<div class=\"wp-block-uagb-image alignleft uagb-block-ef886082 wp-block-uagb-image--layout-default wp-block-uagb-image--effect-static wp-block-uagb-image--align-left uag-hide-mob\"><figure class=\"wp-block-uagb-image__figure\"><img decoding=\"async\" srcset=\"https:\/\/conciergerieviseu.com\/wp-content\/uploads\/2025\/02\/hello-683x1024.jpg ,https:\/\/conciergerieviseu.com\/wp-content\/uploads\/2025\/02\/hello-scaled.jpg 780w, https:\/\/conciergerieviseu.com\/wp-content\/uploads\/2025\/02\/hello-scaled.jpg 360w\" sizes=\"auto, (max-width: 480px) 150px\" src=\"https:\/\/conciergerieviseu.com\/wp-content\/uploads\/2025\/02\/hello-683x1024.jpg\" alt=\"pr\u00e9paration de votre bien pour votre retour ou la location\" class=\"uag-image-811\" width=\"300\" height=\"440\" title=\"hello\" loading=\"lazy\" role=\"img\"\/><\/figure><\/div>\n\n\n\n<div class=\"wp-block-uagb-container uagb-block-a47e876c\">\n<div class=\"wp-block-uagb-image alignleft uagb-block-3e1fd4d8 wp-block-uagb-image--layout-default wp-block-uagb-image--effect-static wp-block-uagb-image--align-left\"><figure class=\"wp-block-uagb-image__figure\"><img decoding=\"async\" srcset=\"https:\/\/conciergerieviseu.com\/wp-content\/uploads\/2025\/02\/echangecle.webp ,https:\/\/conciergerieviseu.com\/wp-content\/uploads\/2025\/02\/echangecle.webp 780w, https:\/\/conciergerieviseu.com\/wp-content\/uploads\/2025\/02\/echangecle.webp 360w\" sizes=\"auto, (max-width: 480px) 150px\" src=\"https:\/\/conciergerieviseu.com\/wp-content\/uploads\/2025\/02\/echangecle.webp\" alt=\"confier votre maison avec confiance\" class=\"uag-image-813\" width=\"280\" height=\"300\" title=\"echangecl\u00e9\" loading=\"lazy\" role=\"img\"\/><\/figure><\/div>\n\n\n\n<div class=\"wp-block-uagb-image uagb-block-df2d8f96 wp-block-uagb-image--layout-default wp-block-uagb-image--effect-static wp-block-uagb-image--align-none uag-hide-mob\"><figure class=\"wp-block-uagb-image__figure\"><img decoding=\"async\" srcset=\"https:\/\/conciergerieviseu.com\/wp-content\/uploads\/2025\/02\/serviette-1024x683.jpg ,https:\/\/conciergerieviseu.com\/wp-content\/uploads\/2025\/02\/serviette-scaled.jpg 780w, https:\/\/conciergerieviseu.com\/wp-content\/uploads\/2025\/02\/serviette-scaled.jpg 360w\" sizes=\"auto, (max-width: 480px) 150px\" src=\"https:\/\/conciergerieviseu.com\/wp-content\/uploads\/2025\/02\/serviette-1024x683.jpg\" alt=\"service de blanchisserie\" class=\"uag-image-814\" width=\"280\" height=\"188\" title=\"blanchisserie\" loading=\"lazy\" role=\"img\"\/><\/figure><\/div>\n<\/div>\n<\/div>\n\n\n\n<div class=\"wp-block-uagb-container uagb-block-7de2cbaa\">\n<div class=\"wp-block-uagb-info-box uagb-block-78244565 uagb-infobox__content-wrap  uagb-infobox-icon-above-title uagb-infobox-image-valign-top\"><div class=\"uagb-ifb-content\"><div class=\"uagb-ifb-title-wrap\"><span class=\"uagb-ifb-title-prefix\">Quem somos<\/span><h2 class=\"uagb-ifb-title\">Conciergerie Viseu, o seu parceiro de confian\u00e7a<\/h2><\/div><p class=\"uagb-ifb-desc translation-block\">Possui uma resid\u00eancia secund\u00e1ria em Viseu e quer que esteja em boas m\u00e3os? Estamos aqui para lhe proporcionar tranquilidade e conforto, cuidando do seu im\u00f3vel como se fosse nosso.<br><br><strong>Sediados em Viseu, conhecemos perfeitamente a regi\u00e3o e as suas exig\u00eancias.<\/strong><br><br><strong>Precisa de um servi\u00e7o personalizado? Contacte-nos!<\/strong><\/p><\/div><\/div>\n<\/div>\n<\/div><\/div>\n\n\n\n<div class=\"wp-block-uagb-container uagb-block-46ae3746 alignfull uagb-is-root-container\"><div class=\"uagb-container-inner-blocks-wrap\">\n<div class=\"wp-block-uagb-container uagb-block-feabada6\">\n<div class=\"wp-block-uagb-info-box uagb-block-6ba3ef40 uagb-infobox__content-wrap  uagb-infobox-icon-above-title uagb-infobox-image-valign-top\"><div class=\"uagb-ifb-content\"><div class=\"uagb-ifb-title-wrap\"><h2 class=\"uagb-ifb-title-prefix\">A Nossa Hist\u00f3ria<\/h2><\/div><p class=\"uagb-ifb-desc translation-block\">A ideia da  <strong>Conciergerie Viseu<\/strong> nasceu de uma constata\u00e7\u00e3o simples: gerir uma resid\u00eancia secund\u00e1ria ou um alojamento local \u00e0 dist\u00e2ncia pode rapidamente tornar-se um verdadeiro desafio. Entre a manuten\u00e7\u00e3o, a rece\u00e7\u00e3o dos h\u00f3spedes e a gest\u00e3o de imprevistos, nem sempre tem o tempo ou a possibilidade de tratar de tudo sozinho.\n\n<br><br>Foi ao identificar esta necessidade crescente que cri\u00e1mos um servi\u00e7o de conciergerie fi\u00e1vel e personalizado, pensado para propriet\u00e1rios exigentes. O nosso objetivo? Permitir-lhe <strong>desfrutar do seu im\u00f3vel sem preocupa\u00e7\u00f5es, com total tranquilidade.<\/strong><\/p><\/div><\/div>\n<\/div>\n\n\n\n<div class=\"wp-block-uagb-container uagb-block-f3e0c7fc\">\n<div class=\"wp-block-uagb-container uagb-block-54ee357f\">\n<div class=\"wp-block-uagb-advanced-heading uagb-block-6e33fcee\"><h3 class=\"uagb-heading-text\">A Nossa Miss\u00e3o: Simplificar a Sua Vida<\/h3><p class=\"uagb-desc-text translation-block\">Na <strong>Conciergerie Viseu<\/strong>, asseguramos a gest\u00e3o e a manuten\u00e7\u00e3o da sua propriedade com <strong>rigor e discri\u00e7\u00e3o<\/strong>. Quer venha para umas f\u00e9rias em fam\u00edlia ou alugue o seu im\u00f3vel, garantimos que <strong>tudo esteja perfeito \u00e0 sua chegada \u2013 e \u00e0 dos seus h\u00f3spedes.<\/strong><\/p><\/div>\n<\/div>\n\n\n\n<div class=\"wp-block-uagb-container uagb-block-72ec6c9b\">\n<div class=\"wp-block-uagb-advanced-heading uagb-block-9216f408\"><h3 class=\"uagb-heading-text\">O que garantimos:<\/h3><p class=\"uagb-desc-text translation-block\">\u2714 Uma presen\u00e7a local e fi\u00e1vel, para uma resposta imediata.\n<br>\u2714 Um servi\u00e7o personalizado, adaptado \u00e0s suas necessidades espec\u00edficas.\n<br>\u2714 Uma rede de profissionais de confian\u00e7a para manuten\u00e7\u00e3o e conserva\u00e7\u00e3o.<\/p><\/div>\n<\/div>\n<\/div>\n<\/div><\/div>\n\n\n\n<div class=\"wp-block-uagb-container uagb-block-e7397962 alignfull uagb-is-root-container\"><div class=\"uagb-container-inner-blocks-wrap\">\n<div class=\"wp-block-uagb-container uagb-block-c1fe98b2\">\n<div class=\"wp-block-uagb-advanced-heading uagb-block-15367ab0\"><h2 class=\"uagb-heading-text\">Quem s\u00e3o os nossos clientes?<\/h2><\/div>\n\n\n\n<p>Acompanhamos propriet\u00e1rios exigentes que procuram uma conciergerie de confian\u00e7a para gerir o seu im\u00f3vel \u00e0 dist\u00e2ncia ou otimizar o seu alojamento local. Os nossos clientes incluem:<\/p>\n\n\n\n<ul class=\"wp-block-list\">\n<li>Propriet\u00e1rios de resid\u00eancias secund\u00e1rias que desejam uma gest\u00e3o completa na sua aus\u00eancia.<\/li>\n\n\n\n<li>Propriet\u00e1rios de alojamentos locais que querem oferecer uma experi\u00eancia impec\u00e1vel aos seus h\u00f3spedes sem se preocupar com a log\u00edstica.<\/li>\n\n\n\n<li>Investidores imobili\u00e1rios que procuram uma gest\u00e3o eficiente e rent\u00e1vel dos seus im\u00f3veis.<\/li>\n<\/ul>\n\n\n\n<p>Quer pretenda alugar o seu im\u00f3vel ou simplesmente garantir a sua manuten\u00e7\u00e3o, temos a solu\u00e7\u00e3o ideal para si.<\/p>\n<\/div>\n\n\n\n<div style=\"height:100px\" aria-hidden=\"true\" class=\"wp-block-spacer\"><\/div>\n<\/div><\/div>\n\n\n\n<div class=\"wp-block-uagb-container uagb-block-f58af4aa alignfull uagb-is-root-container\"><div class=\"uagb-container-inner-blocks-wrap\">\n<div class=\"wp-block-uagb-container uagb-block-28e467d3\">\n<div class=\"wp-block-columns is-layout-flex wp-container-core-columns-is-layout-28f84493 wp-block-columns-is-layout-flex\">\n<div class=\"wp-block-column is-layout-flow wp-block-column-is-layout-flow\" style=\"flex-basis:100%\">\n<div class=\"wp-block-columns is-layout-flex wp-container-core-columns-is-layout-28f84493 wp-block-columns-is-layout-flex\">\n<div class=\"wp-block-column is-layout-flow wp-block-column-is-layout-flow\" style=\"flex-basis:100%\">\n<div class=\"wp-block-uagb-advanced-heading uagb-block-ce2a4829\"><h2 class=\"uagb-heading-text\">Os nossos compromissos para a sua tranquilidade<\/h2><\/div>\n\n\n\n<p class=\"translation-block\">Na Conciergerie Viseu, damos especial import\u00e2ncia a um servi\u00e7o personalizado e fi\u00e1vel. Cada im\u00f3vel \u00e9 \u00fanico, e adaptamos a nossa gest\u00e3o \u00e0s suas necessidades espec\u00edficas.<\/p>\n\n\n\n<p class=\"translation-block\">\u2714 <strong>Reatividade e disponibilidade<\/strong>: Estamos sempre contact\u00e1veis para qualquer urg\u00eancia ou pedido espec\u00edfico.\n<br>\u2714 <strong>Servi\u00e7o de qualidade<\/strong>: Trabalhamos com parceiros locais de confian\u00e7a para garantir a manuten\u00e7\u00e3o e seguran\u00e7a do seu im\u00f3vel.\n<br>\u2714 <strong>Discri\u00e7\u00e3o e profissionalismo<\/strong>: Atuamos com total transpar\u00eancia, fornecendo relat\u00f3rios regulares sobre o estado do seu alojamento.\n<br>\u2714 <strong>Tranquilidade total<\/strong>: Esteja perto ou longe, pode ter a certeza de que o seu im\u00f3vel estar\u00e1 sempre bem cuidado e pronto a receber os seus h\u00f3spedes.<\/p>\n\n\n\n<p><\/p>\n<\/div>\n<\/div>\n<\/div>\n<\/div>\n<\/div>\n\n\n\n<div class=\"wp-block-uagb-container uagb-block-96c2f07a\">\n<div class=\"wp-block-uagb-image uagb-block-aafa13d6 wp-block-uagb-image--layout-default wp-block-uagb-image--effect-static wp-block-uagb-image--align-none\"><figure class=\"wp-block-uagb-image__figure\"><img decoding=\"async\" srcset=\"https:\/\/conciergerieviseu.com\/wp-content\/uploads\/2025\/02\/loc-1024x682.png ,https:\/\/conciergerieviseu.com\/wp-content\/uploads\/2025\/02\/loc-e1740756128657.png 780w, https:\/\/conciergerieviseu.com\/wp-content\/uploads\/2025\/02\/loc-e1740756128657.png 360w\" sizes=\"auto, (max-width: 480px) 150px\" src=\"https:\/\/conciergerieviseu.com\/wp-content\/uploads\/2025\/02\/loc-1024x682.png\" alt=\"service de conciergerie\" class=\"uag-image-884\" width=\"719\" height=\"480\" title=\"loc\" loading=\"lazy\" role=\"img\"\/><\/figure><\/div>\n<\/div>\n<\/div><\/div>\n\n\n\n<p class=\"has-text-align-center\"><strong>Procura uma gest\u00e3o sem stress para a sua resid\u00eancia secund\u00e1ria? Contacte-nos hoje mesmo!<\/strong><\/p>\n\n\n\n<div class=\"wp-block-uagb-container uagb-block-61f00753 alignfull uagb-is-root-container\"><div class=\"uagb-container-inner-blocks-wrap\">\n<div style=\"height:100px\" aria-hidden=\"true\" class=\"wp-block-spacer\"><\/div>\n<\/div><\/div>\n\n\n\n<div class=\"wp-block-uagb-container uagb-block-5ef069bb alignfull uagb-is-root-container\"><div class=\"uagb-container-inner-blocks-wrap\">\n<div class=\"wp-block-uagb-inline-notice uagb-inline_notice__align-left uagb-block-017e8c5f\"><button class=\"uagb-notice-close-button\" type=\"button\" aria-label=\"Close\"><\/button><h4 class=\"uagb-notice-title\"><strong>FAQ<\/strong><\/h4><div class=\"uagb-notice-text\">\n<p class=\"has-medium-font-size\"><strong>Porque escolher a Conciergerie Viseu em vez de outra conciergerie?<\/strong><\/p>\n\n\n\n<p>Somos uma conciergerie local, reativa e de confian\u00e7a, que cuida do seu im\u00f3vel como se fosse nosso. Com servi\u00e7os personalizados e um acompanhamento atento, garantimos a sua tranquilidade, esteja perto ou longe.<\/p>\n\n\n\n<p class=\"has-text-align-center\"><a href=\"https:\/\/conciergerieviseu.com\/pt\/faq\/\" data-type=\"page\" data-id=\"862\">Ver todas as nossas respostas<\/a><\/p>\n<\/div><\/div>\n<\/div><\/div>\n\n\n\n<div class=\"wp-block-uagb-container uagb-block-b83a3e5d alignfull uagb-is-root-container\"><div class=\"uagb-container-inner-blocks-wrap\">\n<div style=\"height:50px\" aria-hidden=\"true\" class=\"wp-block-spacer\"><\/div>\n<\/div><\/div>\n\n\n\n<div class=\"wp-block-uagb-container uagb-block-8b6dd1ba alignfull uagb-is-root-container\"><div class=\"uagb-container-inner-blocks-wrap\">\n<p class=\"has-text-align-center\">Encontre-nos no <a href=\"https:\/\/www.facebook.com\/profile.php?id=61573691787530&amp;locale=fr_FR\" data-type=\"link\" data-id=\"https:\/\/www.facebook.com\/profile.php?id=61573691787530&amp;locale=fr_FR\" target=\"_blank\" rel=\"noopener\">facebook<\/a> <\/p>\n\n\n\n<div class=\"wp-block-uagb-container uagb-block-6ef1424d\">\n<div style=\"height:50px\" aria-hidden=\"true\" class=\"wp-block-spacer\"><\/div>\n<\/div>\n<\/div><\/div>\n\n\n\n<div class=\"wp-block-uagb-container uagb-block-c6a1a9c5 alignfull uagb-is-root-container\"><div class=\"uagb-container-inner-blocks-wrap\">\n<div class=\"wp-block-columns is-layout-flex wp-container-core-columns-is-layout-28f84493 wp-block-columns-is-layout-flex\">\n<div class=\"wp-block-column is-layout-flow wp-block-column-is-layout-flow\" style=\"flex-basis:100%\">\n<div class=\"wp-block-columns is-layout-flex wp-container-core-columns-is-layout-28f84493 wp-block-columns-is-layout-flex\">\n<div class=\"wp-block-column is-vertically-aligned-center has-small-font-size is-layout-flow wp-container-core-column-is-layout-b2a27621 wp-block-column-is-layout-flow\" style=\"padding-top:0;padding-right:0;padding-bottom:0;padding-left:0;flex-basis:100%\">\n<div class=\"wp-block-uagb-container uagb-block-24e0449e\">\n<p class=\"has-text-align-center has-medium-font-size\">AJA AGORA<\/p>\n\n\n\n<div class=\"wp-block-uagb-info-box uagb-block-9d52065c uagb-infobox__content-wrap  uagb-infobox-icon-above-title uagb-infobox-image-valign-top wp-block-uagb-info-box--has-margin\"><div class=\"uagb-infobox-margin-wrapper\"><div class=\"uagb-ifb-content\"><div class=\"uagb-ifb-icon-wrap\"><svg xmlns=\"https:\/\/www.w3.org\/2000\/svg\" viewbox=\"0 0 512 512\"><path d=\"M0 256C0 114.6 114.6 0 256 0C397.4 0 512 114.6 512 256C512 397.4 397.4 512 256 512C114.6 512 0 397.4 0 256zM371.8 211.8C382.7 200.9 382.7 183.1 371.8 172.2C360.9 161.3 343.1 161.3 332.2 172.2L224 280.4L179.8 236.2C168.9 225.3 151.1 225.3 140.2 236.2C129.3 247.1 129.3 264.9 140.2 275.8L204.2 339.8C215.1 350.7 232.9 350.7 243.8 339.8L371.8 211.8z\"><\/path><\/svg><\/div><div class=\"uagb-ifb-title-wrap\"><h2 class=\"uagb-ifb-title\">Confie-nos a gest\u00e3o dos seus im\u00f3veis<\/h2><\/div><p class=\"uagb-ifb-desc\">Contacte-nos hoje mesmo para descobrir como podemos ajud\u00e1-lo a maximizar o seu investimento imobili\u00e1rio.<br><\/p><\/div><\/div><\/div>\n\n\n\n<div class=\"wp-block-uagb-buttons uagb-buttons__outer-wrap uagb-btn__default-btn uagb-btn-tablet__default-btn uagb-btn-mobile__default-btn uagb-block-5636f303\"><div class=\"uagb-buttons__wrap uagb-buttons-layout-wrap\">\n<div class=\"wp-block-uagb-buttons-child uagb-buttons__outer-wrap uagb-block-ed9d9a9a wp-block-button\"><div class=\"uagb-button__wrapper\"><a class=\"uagb-buttons-repeater wp-block-button__link\" aria-label=\"\" href=\"https:\/\/conciergerieviseu.com\/pt\/contact\/\" rel=\"follow noopener\" target=\"_self\" role=\"button\"><div class=\"uagb-button__link\">Contacte-nos<\/div><\/a><\/div><\/div>\n<\/div><\/div>\n<\/div>\n<\/div>\n<\/div>\n<\/div>\n<\/div>\n<\/div><\/div>","protected":false},"excerpt":{"rendered":"<p>\u00c0 propos D\u00e9couvrez Conciergerie Viseu en d\u00e9tail Notre mission : vous simplifier la vie Chez Conciergerie Viseu, nous assurons la [&hellip;]<\/p>\n","protected":false},"author":1,"featured_media":0,"parent":0,"menu_order":0,"comment_status":"closed","ping_status":"closed","template":"","meta":{"_uag_custom_page_level_css":"","site-sidebar-layout":"default","site-content-layout":"","ast-site-content-layout":"default","site-content-style":"default","site-sidebar-style":"default","ast-global-header-display":"","ast-banner-title-visibility":"","ast-main-header-display":"","ast-hfb-above-header-display":"","ast-hfb-below-header-display":"","ast-hfb-mobile-header-display":"","site-post-title":"disabled","ast-breadcrumbs-content":"","ast-featured-img":"","footer-sml-layout":"","ast-disable-related-posts":"","theme-transparent-header-meta":"","adv-header-id-meta":"","stick-header-meta":"","header-above-stick-meta":"","header-main-stick-meta":"","header-below-stick-meta":"","astra-migrate-meta-layouts":"default","ast-page-background-enabled":"default","ast-page-background-meta":{"desktop":{"background-color":"var(--ast-global-color-4)","background-image":"","background-repeat":"repeat","background-position":"center center","background-size":"auto","background-attachment":"scroll","background-type":"","background-media":"","overlay-type":"","overlay-color":"","overlay-opacity":"","overlay-gradient":""},"tablet":{"background-color":"","background-image":"","background-repeat":"repeat","background-position":"center center","background-size":"auto","background-attachment":"scroll","background-type":"","background-media":"","overlay-type":"","overlay-color":"","overlay-opacity":"","overlay-gradient":""},"mobile":{"background-color":"","background-image":"","background-repeat":"repeat","background-position":"center center","background-size":"auto","background-attachment":"scroll","background-type":"","background-media":"","overlay-type":"","overlay-color":"","overlay-opacity":"","overlay-gradient":""}},"ast-content-background-meta":{"desktop":{"background-color":"var(--ast-global-color-5)","background-image":"","background-repeat":"repeat","background-position":"center center","background-size":"auto","background-attachment":"scroll","background-type":"","background-media":"","overlay-type":"","overlay-color":"","overlay-opacity":"","overlay-gradient":""},"tablet":{"background-color":"var(--ast-global-color-5)","background-image":"","background-repeat":"repeat","background-position":"center center","background-size":"auto","background-attachment":"scroll","background-type":"","background-media":"","overlay-type":"","overlay-color":"","overlay-opacity":"","overlay-gradient":""},"mobile":{"background-color":"var(--ast-global-color-5)","background-image":"","background-repeat":"repeat","background-position":"center center","background-size":"auto","background-attachment":"scroll","background-type":"","background-media":"","overlay-type":"","overlay-color":"","overlay-opacity":"","overlay-gradient":""}},"footnotes":""},"class_list":["post-39","page","type-page","status-publish","hentry"],"uagb_featured_image_src":{"full":false,"thumbnail":false,"medium":false,"medium_large":false,"large":false,"1536x1536":false,"2048x2048":false,"trp-custom-language-flag":false},"uagb_author_info":{"display_name":"conciergerieviseu@gmail.com","author_link":"https:\/\/conciergerieviseu.com\/pt\/author\/conciergerieviseugmail-com\/"},"uagb_comment_info":0,"uagb_excerpt":"\u00c0 propos D\u00e9couvrez Conciergerie Viseu en d\u00e9tail Notre mission : vous simplifier la vie Chez Conciergerie Viseu, nous assurons la [&hellip;]","_links":{"self":[{"href":"https:\/\/conciergerieviseu.com\/pt\/wp-json\/wp\/v2\/pages\/39","targetHints":{"allow":["GET"]}}],"collection":[{"href":"https:\/\/conciergerieviseu.com\/pt\/wp-json\/wp\/v2\/pages"}],"about":[{"href":"https:\/\/conciergerieviseu.com\/pt\/wp-json\/wp\/v2\/types\/page"}],"author":[{"embeddable":true,"href":"https:\/\/conciergerieviseu.com\/pt\/wp-json\/wp\/v2\/users\/1"}],"replies":[{"embeddable":true,"href":"https:\/\/conciergerieviseu.com\/pt\/wp-json\/wp\/v2\/comments?post=39"}],"version-history":[{"count":16,"href":"https:\/\/conciergerieviseu.com\/pt\/wp-json\/wp\/v2\/pages\/39\/revisions"}],"predecessor-version":[{"id":1020,"href":"https:\/\/conciergerieviseu.com\/pt\/wp-json\/wp\/v2\/pages\/39\/revisions\/1020"}],"wp:attachment":[{"href":"https:\/\/conciergerieviseu.com\/pt\/wp-json\/wp\/v2\/media?parent=39"}],"curies":[{"name":"wp","href":"https:\/\/api.w.org\/{rel}","templated":true}]}}