{"id":38,"date":"2025-02-26T12:22:55","date_gmt":"2025-02-26T12:22:55","guid":{"rendered":"https:\/\/conciergerieviseu.com\/home\/"},"modified":"2025-03-05T15:27:05","modified_gmt":"2025-03-05T15:27:05","slug":"home","status":"publish","type":"page","link":"https:\/\/conciergerieviseu.com\/pt\/","title":{"rendered":"Gestion"},"content":{"rendered":"<div class=\"wp-block-uagb-container uagb-block-ec6fda5a alignfull uagb-is-root-container\"><div class=\"uagb-container-inner-blocks-wrap\">\n<div class=\"wp-block-uagb-container uagb-layout-grid uagb-block-d33271b6\">\n<div class=\"wp-block-uagb-advanced-heading uagb-block-c0e8abc7\"><p class=\"uagb-desc-text\">Experi\u00eancia \u00fanica<\/p><h1 class=\"uagb-heading-text\">Gest\u00e3o de casas e alojamento local<\/h1><\/div>\n\n\n\n<p>Garanta a sua tranquilidade com a nossa gest\u00e3o profissional das suas casas de f\u00e9rias e alojamentos locais. <\/p>\n<\/div>\n<\/div><\/div>\n\n\n\n<div class=\"wp-block-uagb-container uagb-layout-grid uagb-block-4d6f7bc6 alignfull uagb-is-root-container\"><div class=\"uagb-container-inner-blocks-wrap\">\n<div class=\"wp-block-uagb-container uagb-block-cd15dd85\">\n<div class=\"wp-block-uagb-image alignleft uagb-block-3e1fd4d8 wp-block-uagb-image--layout-default wp-block-uagb-image--effect-static wp-block-uagb-image--align-left\"><figure class=\"wp-block-uagb-image__figure\"><img decoding=\"async\" srcset=\"https:\/\/conciergerieviseu.com\/wp-content\/uploads\/2025\/02\/checkout-683x1024.jpg ,https:\/\/conciergerieviseu.com\/wp-content\/uploads\/2025\/02\/checkout-scaled.jpg 780w, https:\/\/conciergerieviseu.com\/wp-content\/uploads\/2025\/02\/checkout-scaled.jpg 360w\" sizes=\"auto, (max-width: 480px) 150px\" src=\"https:\/\/conciergerieviseu.com\/wp-content\/uploads\/2025\/02\/checkout-683x1024.jpg\" alt=\"check in et check out des locations saisonni\u00e8res\" class=\"uag-image-792\" width=\"280\" height=\"360\" title=\"checkout\" loading=\"lazy\" role=\"img\"\/><\/figure><\/div>\n\n\n\n<div class=\"wp-block-uagb-image alignleft uagb-block-ef886082 wp-block-uagb-image--layout-default wp-block-uagb-image--effect-static wp-block-uagb-image--align-left uag-hide-mob\"><figure class=\"wp-block-uagb-image__figure\"><img decoding=\"async\" srcset=\"https:\/\/conciergerieviseu.com\/wp-content\/uploads\/2025\/02\/panierbienvenue.webp ,https:\/\/conciergerieviseu.com\/wp-content\/uploads\/2025\/02\/panierbienvenue.webp 780w, https:\/\/conciergerieviseu.com\/wp-content\/uploads\/2025\/02\/panierbienvenue.webp 360w\" sizes=\"auto, (max-width: 480px) 150px\" src=\"https:\/\/conciergerieviseu.com\/wp-content\/uploads\/2025\/02\/panierbienvenue.webp\" alt=\"gestion de vos bien en votre absence\" class=\"uag-image-796\" width=\"300\" height=\"440\" title=\"panierbienvenue\" loading=\"lazy\" role=\"img\"\/><\/figure><\/div>\n<\/div>\n\n\n\n<div class=\"wp-block-uagb-info-box uagb-block-78244565 uagb-infobox__content-wrap  uagb-infobox-icon-above-title uagb-infobox-image-valign-top\"><div class=\"uagb-ifb-content\"><div class=\"uagb-ifb-title-wrap\"><p class=\"uagb-ifb-title-prefix\">Sobre n\u00f3s<\/p><h2 class=\"uagb-ifb-title\">Descubra a nossa paix\u00e3o pela gest\u00e3o dos seus im\u00f3veis<\/h2><\/div><p class=\"uagb-ifb-desc\">A Conciergerie Viseu combina profissionalismo e proximidade para garantir a melhor experi\u00eancia na gest\u00e3o de casas e alojamentos locais.<\/p><div class=\"uagb-ifb-button-wrapper wp-block-button\"><a href=\"\/pt\/about\/\" class=\"uagb-infobox-cta-link wp-block-button__link\" target=\"_self\" rel=\"noopener noreferrer\" onclick=\"return true;\"><span class=\"uagb-inline-editing\">Ler mais<\/span><\/a><\/div><\/div><\/div>\n<\/div><\/div>\n\n\n\n<div class=\"wp-block-uagb-container uagb-block-b92ac49d alignfull uagb-is-root-container\"><div class=\"uagb-container-inner-blocks-wrap\">\n<div class=\"wp-block-uagb-container uagb-block-cca6205c\">\n<div class=\"wp-block-uagb-counter uagb-block-a7654af6 wp-block-uagb-counter--number\"><div class=\"wp-block-uagb-counter__number\"><span class=\"uagb-counter-block-number\" data-duration=\"1.5\" data-to-value=\"30\" data-from-value=\"0\" data-delimiter=\",\"><\/span><span class=\"uagb-counter-block-suffix\">km<\/span><\/div><div class=\"wp-block-uagb-counter__title\">\u00c1rea de Atua\u00e7\u00e3o<\/div><\/div>\n<\/div>\n\n\n\n<div class=\"wp-block-uagb-container uagb-block-a1881290\">\n<div class=\"wp-block-uagb-counter uagb-block-38e547d2 wp-block-uagb-counter--number\"><div class=\"wp-block-uagb-counter__number\"><span class=\"uagb-counter-block-number\" data-duration=\"1.5\" data-to-value=\"20\" data-from-value=\"0\" data-delimiter=\",\"><\/span><span class=\"uagb-counter-block-suffix\">+<\/span><\/div><div class=\"wp-block-uagb-counter__title\">Propriet\u00e1rios de confian\u00e7a<\/div><\/div>\n<\/div>\n\n\n\n<div class=\"wp-block-uagb-container uagb-block-3eb58cea\">\n<div class=\"wp-block-uagb-counter uagb-block-eb510c9f wp-block-uagb-counter--number\"><div class=\"wp-block-uagb-counter__number\"><span class=\"uagb-counter-block-number\" data-duration=\"1.5\" data-to-value=\"100\" data-from-value=\"0\" data-delimiter=\",\"><\/span><span class=\"uagb-counter-block-suffix\">%<\/span><\/div><div class=\"wp-block-uagb-counter__title\">Satisfa\u00e7\u00e3o dos clientes<\/div><\/div>\n<\/div>\n<\/div><\/div>\n\n\n\n<div class=\"wp-block-uagb-container uagb-block-993009f3 alignfull uagb-is-root-container\"><div class=\"uagb-container-inner-blocks-wrap\">\n<div class=\"wp-block-uagb-advanced-heading uagb-block-7c14c5fd\"><p class=\"uagb-desc-text\">Os nossos servi\u00e7os<\/p><h2 class=\"uagb-heading-text\">Servi\u00e7os adaptados \u00e0s suas necessidades<\/h2><\/div>\n\n\n\n<div class=\"wp-block-uagb-container uagb-block-f83212c5\">\n<div class=\"wp-block-uagb-container uagb-block-0c3b5949\">\n<div class=\"wp-block-uagb-info-box uagb-block-42949637 uagb-infobox__content-wrap  uagb-infobox-icon-above-title uagb-infobox-image-valign-top\"><div class=\"uagb-ifb-content\"><div class=\"uagb-ifb-title-wrap\"><span class=\"uagb-ifb-title-prefix\">01.<\/span><h3 class=\"uagb-ifb-title\">Gest\u00e3o de Casas<\/h3><\/div><div class=\"uagb-ifb-button-wrapper wp-block-button\"><a href=\"\/pt\/services\/\" target=\"_self\" onclick=\"return true;\" class=\"uagb-infobox-cta-link\" rel=\"noopener noreferrer\"><span class=\"uagb-inline-editing\">Ler mais<\/span><\/a><\/div><\/div><\/div>\n<\/div>\n\n\n\n<div class=\"wp-block-uagb-container uagb-block-0bef2310\">\n<div class=\"wp-block-uagb-info-box uagb-block-e52c0008 uagb-infobox__content-wrap  uagb-infobox-icon-above-title uagb-infobox-image-valign-top\"><div class=\"uagb-ifb-content\"><div class=\"uagb-ifb-title-wrap\"><p class=\"uagb-ifb-title-prefix\">02.<\/p><h3 class=\"uagb-ifb-title\">Gest\u00e3o de Alojamentos<\/h3><\/div><div class=\"uagb-ifb-button-wrapper wp-block-button\"><a href=\"\/pt\/services\/\" target=\"_self\" onclick=\"return true;\" class=\"uagb-infobox-cta-link\" rel=\"noopener noreferrer\"><span class=\"uagb-inline-editing\">Ler mais<\/span><\/a><\/div><\/div><\/div>\n<\/div>\n\n\n\n<div class=\"wp-block-uagb-container uagb-block-a106d4c0\">\n<div class=\"wp-block-uagb-info-box uagb-block-288f1627 uagb-infobox__content-wrap  uagb-infobox-icon-above-title uagb-infobox-image-valign-top\"><div class=\"uagb-ifb-content\"><div class=\"uagb-ifb-title-wrap\"><p class=\"uagb-ifb-title-prefix\">03.<\/p><h3 class=\"uagb-ifb-title\">Manuten\u00e7\u00e3o de Exteriores<\/h3><\/div><div class=\"uagb-ifb-button-wrapper wp-block-button\"><a href=\"\/pt\/services\/\" target=\"_self\" onclick=\"return true;\" class=\"uagb-infobox-cta-link\" rel=\"noopener noreferrer\"><span class=\"uagb-inline-editing\">Ler mais<\/span><\/a><\/div><\/div><\/div>\n<\/div>\n<\/div>\n<\/div><\/div>\n\n\n\n<div class=\"wp-block-uagb-container uagb-layout-grid uagb-block-068b9983 alignfull uagb-is-root-container\"><div class=\"uagb-container-inner-blocks-wrap\">\n<div class=\"wp-block-uagb-advanced-heading uagb-block-baf35d20\"><h2 class=\"uagb-heading-text\">Pronto para um servi\u00e7o excecional?<\/h2><p class=\"uagb-desc-text\">Estamos aqui para gerir a sua casa e os seus alojamentos com uma aten\u00e7\u00e3o incompar\u00e1vel e um servi\u00e7o personalizado.<\/p><\/div>\n\n\n\n<div class=\"wp-block-uagb-buttons uagb-buttons__outer-wrap uagb-btn__default-btn uagb-btn-tablet__default-btn uagb-btn-mobile__default-btn uagb-block-e356fd8e\"><div class=\"uagb-buttons__wrap uagb-buttons-layout-wrap\">\n<div class=\"wp-block-uagb-buttons-child uagb-buttons__outer-wrap uagb-block-d32efc81 wp-block-button\"><div class=\"uagb-button__wrapper\"><a class=\"uagb-buttons-repeater wp-block-button__link\" aria-label=\"\" href=\"\/pt\/contact\/\" rel=\"follow noopener\" target=\"_self\" role=\"button\"><div class=\"uagb-button__link\">Contacte-nos<\/div><\/a><\/div><\/div>\n<\/div><\/div>\n<\/div><\/div>\n\n\n\n<div class=\"wp-block-uagb-container uagb-block-f7a2df67 alignfull uagb-is-root-container\"><div class=\"uagb-container-inner-blocks-wrap\">\n<div class=\"wp-block-uagb-container uagb-layout-grid uagb-block-56258c7a\">\n<div class=\"wp-block-uagb-container uagb-block-1909244d\"><\/div>\n\n\n\n<div class=\"wp-block-uagb-container uagb-block-d9245a27\">\n<div class=\"wp-block-uagb-info-box uagb-block-dd1ec34c uagb-infobox__content-wrap  uagb-infobox-icon-above-title uagb-infobox-image-valign-top\"><div class=\"uagb-ifb-content\"><div class=\"uagb-ifb-title-wrap\"><span class=\"uagb-ifb-title-prefix\">Os Nossos Compromissos<\/span><h2 class=\"uagb-ifb-title\">Porque escolher a Conciergerie Viseu?<\/h2><\/div><p class=\"uagb-ifb-desc\">Comprometemo-nos a fornecer um servi\u00e7o fi\u00e1vel, personalizado e acolhedor, respondendo a todas as suas necessidades na gest\u00e3o imobili\u00e1ria.<\/p><\/div><\/div>\n<\/div>\n<\/div>\n\n\n\n<div class=\"wp-block-uagb-container uagb-layout-flex uagb-block-8dd3d1f3\">\n<div class=\"wp-block-uagb-container uagb-block-2d5ab18e\">\n<div class=\"wp-block-uagb-info-box uagb-block-635b8ae5 uagb-infobox__content-wrap  uagb-infobox-icon-above-title uagb-infobox-image-valign-top\"><div class=\"uagb-ifb-content\"><div class=\"uagb-ifb-title-wrap\"><span class=\"uagb-ifb-title-prefix\">01.<\/span><h3 class=\"uagb-ifb-title\">Fiabilidade<\/h3><\/div><p class=\"uagb-ifb-desc\">Com uma equipa dedicada, garantimos uma gest\u00e3o sem preocupa\u00e7\u00f5es, para que possa desfrutar do seu tempo livre.<\/p><\/div><\/div>\n<\/div>\n\n\n\n<div class=\"wp-block-uagb-container uagb-block-b31d9d12\">\n<div class=\"wp-block-uagb-info-box uagb-block-1f4e9f0e uagb-infobox__content-wrap  uagb-infobox-icon-above-title uagb-infobox-image-valign-top\"><div class=\"uagb-ifb-content\"><div class=\"uagb-ifb-title-wrap\"><span class=\"uagb-ifb-title-prefix\">02.<\/span><h3 class=\"uagb-ifb-title\">Personaliza\u00e7\u00e3o<\/h3><\/div><p class=\"uagb-ifb-desc\">Cada casa \u00e9 \u00fanica, tal como os nossos servi\u00e7os. Adaptamo-nos \u00e0s suas necessidades espec\u00edficas.<\/p><\/div><\/div>\n<\/div>\n\n\n\n<div class=\"wp-block-uagb-container uagb-block-a4c1fab7\">\n<div class=\"wp-block-uagb-info-box uagb-block-92de65cc uagb-infobox__content-wrap  uagb-infobox-icon-above-title uagb-infobox-image-valign-top\"><div class=\"uagb-ifb-content\"><div class=\"uagb-ifb-title-wrap\"><span class=\"uagb-ifb-title-prefix\">03.<\/span><h3 class=\"uagb-ifb-title\">Proximidade Humana<\/h3><\/div><p class=\"uagb-ifb-desc\">Colocamos as suas expectativas no centro da nossa atua\u00e7\u00e3o, com um servi\u00e7o ao cliente sempre atento e reativo.<\/p><\/div><\/div>\n<\/div>\n<\/div>\n<\/div><\/div>\n\n\n\n<div class=\"wp-block-uagb-container uagb-block-4aa71ebd default uagb-is-root-container\">\n<div class=\"wp-block-uagb-advanced-heading uagb-block-b6ad90e6\"><p class=\"uagb-desc-text\">Testemunhos<\/p><h2 class=\"uagb-heading-text\">O que os nossos clientes dizem sobre n\u00f3s<\/h2><\/div>\n\n\n\n<div class=\"wp-block-uagb-container uagb-block-e085279c\">\n<div class=\"wp-block-uagb-container uagb-block-10fdd617\">\n<div class=\"wp-block-uagb-container uagb-layout-grid uagb-block-09076575\">\n<div class=\"wp-block-uagb-image alignleft uagb-block-8c9ea21c wp-block-uagb-image--layout-default wp-block-uagb-image--effect-static wp-block-uagb-image--align-left\"><figure class=\"wp-block-uagb-image__figure\"><img decoding=\"async\" srcset=\"https:\/\/conciergerieviseu.com\/wp-content\/uploads\/2024\/08\/testimonial-skip-01.jpg ,https:\/\/conciergerieviseu.com\/wp-content\/uploads\/2024\/08\/testimonial-skip-01.jpg 780w, https:\/\/conciergerieviseu.com\/wp-content\/uploads\/2024\/08\/testimonial-skip-01.jpg 360w\" sizes=\"auto, (max-width: 480px) 150px\" src=\"https:\/\/conciergerieviseu.com\/wp-content\/uploads\/2024\/08\/testimonial-skip-01.jpg\" alt=\"client1\" class=\"uag-image-80\" width=\"60\" height=\"60\" title=\"testimonial-skip-01\" loading=\"lazy\" role=\"img\"\/><\/figure><\/div>\n\n\n\n<div class=\"wp-block-uagb-advanced-heading uagb-block-95b699b0\"><div class=\"uagb-heading-text\">Joao D.<\/div><\/div>\n\n\n\n<div class=\"wp-block-uagb-star-rating uagb-block-02e72cc1\"><div class=\"uag-star-rating\" title=\"5\/5\"><span class=\"uag-star\">\u2605<\/span><span class=\"uag-star\">\u2605<\/span><span class=\"uag-star\">\u2605<\/span><span class=\"uag-star\">\u2605<\/span><span class=\"uag-star\">\u2605<\/span><\/div><\/div>\n<\/div>\n\n\n\n<div class=\"wp-block-uagb-advanced-heading uagb-block-bf1d4ef3\"><p class=\"uagb-heading-text\">A Conciergerie Viseu geriu a minha casa de f\u00e9rias de forma exemplar. A aten\u00e7\u00e3o ao pormenor \u00e9 impec\u00e1vel e a equipa muito profissional.<\/p><\/div>\n<\/div>\n\n\n\n<div class=\"wp-block-uagb-container uagb-block-b6ab25d3\">\n<div class=\"wp-block-uagb-container uagb-layout-grid uagb-block-5d480e37\">\n<div class=\"wp-block-uagb-image alignleft uagb-block-0e3a1fcd wp-block-uagb-image--layout-default wp-block-uagb-image--effect-static wp-block-uagb-image--align-left\"><figure class=\"wp-block-uagb-image__figure\"><img decoding=\"async\" srcset=\"https:\/\/conciergerieviseu.com\/wp-content\/uploads\/2024\/08\/testimonial-skip-02.jpg ,https:\/\/conciergerieviseu.com\/wp-content\/uploads\/2024\/08\/testimonial-skip-02.jpg 780w, https:\/\/conciergerieviseu.com\/wp-content\/uploads\/2024\/08\/testimonial-skip-02.jpg 360w\" sizes=\"auto, (max-width: 480px) 150px\" src=\"https:\/\/conciergerieviseu.com\/wp-content\/uploads\/2024\/08\/testimonial-skip-02.jpg\" alt=\"client 2\" class=\"uag-image-81\" width=\"60\" height=\"60\" title=\"testimonial-skip-02\" loading=\"lazy\" role=\"img\"\/><\/figure><\/div>\n\n\n\n<div class=\"wp-block-uagb-advanced-heading uagb-block-99683e20\"><div class=\"uagb-heading-text\">Pierre M.<\/div><\/div>\n\n\n\n<div class=\"wp-block-uagb-star-rating uagb-block-a74ea6ed\"><div class=\"uag-star-rating\" title=\"5\/5\"><span class=\"uag-star\">\u2605<\/span><span class=\"uag-star\">\u2605<\/span><span class=\"uag-star\">\u2605<\/span><span class=\"uag-star\">\u2605<\/span><span class=\"uag-star\">\u2605<\/span><\/div><\/div>\n<\/div>\n\n\n\n<div class=\"wp-block-uagb-advanced-heading uagb-block-1df59503\"><p class=\"uagb-heading-text\">Estou muito satisfeito com os servi\u00e7os deles. Tornaram cada etapa mais f\u00e1cil e permitiram-me concentrar noutras prioridades.<\/p><\/div>\n<\/div>\n<\/div>\n<\/div>\n\n\n\n<div class=\"wp-block-uagb-container uagb-block-b83a3e5d alignfull uagb-is-root-container\"><div class=\"uagb-container-inner-blocks-wrap\">\n<div style=\"height:50px\" aria-hidden=\"true\" class=\"wp-block-spacer\"><\/div>\n<\/div><\/div>\n\n\n\n<div class=\"wp-block-uagb-container uagb-block-8b6dd1ba alignfull uagb-is-root-container\"><div class=\"uagb-container-inner-blocks-wrap\">\n<p class=\"has-text-align-center\">Encontre-nos no <a href=\"https:\/\/www.facebook.com\/profile.php?id=61573691787530&amp;locale=fr_FR\" data-type=\"link\" data-id=\"https:\/\/www.facebook.com\/profile.php?id=61573691787530&amp;locale=fr_FR\" target=\"_blank\" rel=\"noopener\">facebook<\/a> <\/p>\n\n\n\n<div class=\"wp-block-uagb-container uagb-block-6ef1424d\">\n<div style=\"height:50px\" aria-hidden=\"true\" class=\"wp-block-spacer\"><\/div>\n<\/div>\n<\/div><\/div>\n\n\n\n<div class=\"wp-block-uagb-container uagb-block-c6a1a9c5 alignfull uagb-is-root-container\"><div class=\"uagb-container-inner-blocks-wrap\">\n<div class=\"wp-block-columns is-layout-flex wp-container-core-columns-is-layout-28f84493 wp-block-columns-is-layout-flex\">\n<div class=\"wp-block-column is-layout-flow wp-block-column-is-layout-flow\" style=\"flex-basis:100%\">\n<div class=\"wp-block-columns is-layout-flex wp-container-core-columns-is-layout-28f84493 wp-block-columns-is-layout-flex\">\n<div class=\"wp-block-column is-vertically-aligned-center has-small-font-size is-layout-flow wp-container-core-column-is-layout-b2a27621 wp-block-column-is-layout-flow\" style=\"padding-top:0;padding-right:0;padding-bottom:0;padding-left:0;flex-basis:100%\">\n<div class=\"wp-block-uagb-container uagb-block-24e0449e\">\n<p class=\"has-text-align-center has-medium-font-size\">AJA AGORA<\/p>\n\n\n\n<div class=\"wp-block-uagb-info-box uagb-block-9d52065c uagb-infobox__content-wrap  uagb-infobox-icon-above-title uagb-infobox-image-valign-top wp-block-uagb-info-box--has-margin\"><div class=\"uagb-infobox-margin-wrapper\"><div class=\"uagb-ifb-content\"><div class=\"uagb-ifb-icon-wrap\"><svg xmlns=\"https:\/\/www.w3.org\/2000\/svg\" viewbox=\"0 0 512 512\"><path d=\"M0 256C0 114.6 114.6 0 256 0C397.4 0 512 114.6 512 256C512 397.4 397.4 512 256 512C114.6 512 0 397.4 0 256zM371.8 211.8C382.7 200.9 382.7 183.1 371.8 172.2C360.9 161.3 343.1 161.3 332.2 172.2L224 280.4L179.8 236.2C168.9 225.3 151.1 225.3 140.2 236.2C129.3 247.1 129.3 264.9 140.2 275.8L204.2 339.8C215.1 350.7 232.9 350.7 243.8 339.8L371.8 211.8z\"><\/path><\/svg><\/div><div class=\"uagb-ifb-title-wrap\"><h2 class=\"uagb-ifb-title\">Confie-nos a gest\u00e3o dos seus im\u00f3veis<\/h2><\/div><p class=\"uagb-ifb-desc\">Contacte-nos hoje mesmo para descobrir como podemos ajud\u00e1-lo a maximizar o seu investimento imobili\u00e1rio.<br><\/p><\/div><\/div><\/div>\n\n\n\n<div class=\"wp-block-uagb-buttons uagb-buttons__outer-wrap uagb-btn__default-btn uagb-btn-tablet__default-btn uagb-btn-mobile__default-btn uagb-block-5636f303\"><div class=\"uagb-buttons__wrap uagb-buttons-layout-wrap\">\n<div class=\"wp-block-uagb-buttons-child uagb-buttons__outer-wrap uagb-block-ed9d9a9a wp-block-button\"><div class=\"uagb-button__wrapper\"><a class=\"uagb-buttons-repeater wp-block-button__link\" aria-label=\"\" href=\"https:\/\/conciergerieviseu.com\/pt\/contact\/\" rel=\"follow noopener\" target=\"_self\" role=\"button\"><div class=\"uagb-button__link\">Contacte-nos<\/div><\/a><\/div><\/div>\n<\/div><\/div>\n<\/div>\n<\/div>\n<\/div>\n<\/div>\n<\/div>\n<\/div><\/div>","protected":false},"excerpt":{"rendered":"<p>L&rsquo;exp\u00e9rience unique Gestion de maison et location saisonni\u00e8re Offrez-vous une tranquillit\u00e9 d&rsquo;esprit avec notre gestion professionnelle de votre maison secondaire [&hellip;]<\/p>\n","protected":false},"author":1,"featured_media":0,"parent":0,"menu_order":0,"comment_status":"closed","ping_status":"closed","template":"","meta":{"_uag_custom_page_level_css":"","site-sidebar-layout":"default","site-content-layout":"","ast-site-content-layout":"default","site-content-style":"default","site-sidebar-style":"default","ast-global-header-display":"","ast-banner-title-visibility":"","ast-main-header-display":"","ast-hfb-above-header-display":"","ast-hfb-below-header-display":"","ast-hfb-mobile-header-display":"","site-post-title":"disabled","ast-breadcrumbs-content":"","ast-featured-img":"","footer-sml-layout":"","ast-disable-related-posts":"","theme-transparent-header-meta":"","adv-header-id-meta":"","stick-header-meta":"","header-above-stick-meta":"","header-main-stick-meta":"","header-below-stick-meta":"","astra-migrate-meta-layouts":"default","ast-page-background-enabled":"default","ast-page-background-meta":{"desktop":{"background-color":"var(--ast-global-color-4)","background-image":"","background-repeat":"repeat","background-position":"center center","background-size":"auto","background-attachment":"scroll","background-type":"","background-media":"","overlay-type":"","overlay-color":"","overlay-opacity":"","overlay-gradient":""},"tablet":{"background-color":"","background-image":"","background-repeat":"repeat","background-position":"center center","background-size":"auto","background-attachment":"scroll","background-type":"","background-media":"","overlay-type":"","overlay-color":"","overlay-opacity":"","overlay-gradient":""},"mobile":{"background-color":"","background-image":"","background-repeat":"repeat","background-position":"center center","background-size":"auto","background-attachment":"scroll","background-type":"","background-media":"","overlay-type":"","overlay-color":"","overlay-opacity":"","overlay-gradient":""}},"ast-content-background-meta":{"desktop":{"background-color":"var(--ast-global-color-5)","background-image":"","background-repeat":"repeat","background-position":"center center","background-size":"auto","background-attachment":"scroll","background-type":"","background-media":"","overlay-type":"","overlay-color":"","overlay-opacity":"","overlay-gradient":""},"tablet":{"background-color":"var(--ast-global-color-5)","background-image":"","background-repeat":"repeat","background-position":"center center","background-size":"auto","background-attachment":"scroll","background-type":"","background-media":"","overlay-type":"","overlay-color":"","overlay-opacity":"","overlay-gradient":""},"mobile":{"background-color":"var(--ast-global-color-5)","background-image":"","background-repeat":"repeat","background-position":"center center","background-size":"auto","background-attachment":"scroll","background-type":"","background-media":"","overlay-type":"","overlay-color":"","overlay-opacity":"","overlay-gradient":""}},"footnotes":""},"class_list":["post-38","page","type-page","status-publish","hentry"],"uagb_featured_image_src":{"full":false,"thumbnail":false,"medium":false,"medium_large":false,"large":false,"1536x1536":false,"2048x2048":false,"trp-custom-language-flag":false},"uagb_author_info":{"display_name":"conciergerieviseu@gmail.com","author_link":"https:\/\/conciergerieviseu.com\/pt\/author\/conciergerieviseugmail-com\/"},"uagb_comment_info":0,"uagb_excerpt":"L&rsquo;exp\u00e9rience unique Gestion de maison et location saisonni\u00e8re Offrez-vous une tranquillit\u00e9 d&rsquo;esprit avec notre gestion professionnelle de votre maison secondaire [&hellip;]","_links":{"self":[{"href":"https:\/\/conciergerieviseu.com\/pt\/wp-json\/wp\/v2\/pages\/38","targetHints":{"allow":["GET"]}}],"collection":[{"href":"https:\/\/conciergerieviseu.com\/pt\/wp-json\/wp\/v2\/pages"}],"about":[{"href":"https:\/\/conciergerieviseu.com\/pt\/wp-json\/wp\/v2\/types\/page"}],"author":[{"embeddable":true,"href":"https:\/\/conciergerieviseu.com\/pt\/wp-json\/wp\/v2\/users\/1"}],"replies":[{"embeddable":true,"href":"https:\/\/conciergerieviseu.com\/pt\/wp-json\/wp\/v2\/comments?post=38"}],"version-history":[{"count":27,"href":"https:\/\/conciergerieviseu.com\/pt\/wp-json\/wp\/v2\/pages\/38\/revisions"}],"predecessor-version":[{"id":1023,"href":"https:\/\/conciergerieviseu.com\/pt\/wp-json\/wp\/v2\/pages\/38\/revisions\/1023"}],"wp:attachment":[{"href":"https:\/\/conciergerieviseu.com\/pt\/wp-json\/wp\/v2\/media?parent=38"}],"curies":[{"name":"wp","href":"https:\/\/api.w.org\/{rel}","templated":true}]}}